{"id":748,"date":"2019-10-25T12:35:03","date_gmt":"2019-10-25T12:35:03","guid":{"rendered":"https:\/\/lrfa.org\/?page_id=748"},"modified":"2025-12-15T14:23:08","modified_gmt":"2025-12-15T19:23:08","slug":"travel-medical-plan-signup","status":"publish","type":"page","link":"https:\/\/lrfa.org\/lv\/members\/travel-medical-plan-signup\/","title":{"rendered":"Ce\u013cojumu medic\u012bnisk\u0101 pl\u0101na re\u0123istr\u0101cija"},"content":{"rendered":"","protected":false},"excerpt":{"rendered":"","protected":false},"author":1,"featured_media":0,"parent":57,"menu_order":0,"comment_status":"closed","ping_status":"closed","template":"page-templates\/form-travel-plan-signup.php","meta":{"_acf_changed":false,"footnotes":""},"class_list":["post-748","page","type-page","status-publish","hentry"],"acf":[],"_links":{"self":[{"href":"https:\/\/lrfa.org\/lv\/wp-json\/wp\/v2\/pages\/748","targetHints":{"allow":["GET"]}}],"collection":[{"href":"https:\/\/lrfa.org\/lv\/wp-json\/wp\/v2\/pages"}],"about":[{"href":"https:\/\/lrfa.org\/lv\/wp-json\/wp\/v2\/types\/page"}],"author":[{"embeddable":true,"href":"https:\/\/lrfa.org\/lv\/wp-json\/wp\/v2\/users\/1"}],"replies":[{"embeddable":true,"href":"https:\/\/lrfa.org\/lv\/wp-json\/wp\/v2\/comments?post=748"}],"version-history":[{"count":2,"href":"https:\/\/lrfa.org\/lv\/wp-json\/wp\/v2\/pages\/748\/revisions"}],"predecessor-version":[{"id":1510,"href":"https:\/\/lrfa.org\/lv\/wp-json\/wp\/v2\/pages\/748\/revisions\/1510"}],"up":[{"embeddable":true,"href":"https:\/\/lrfa.org\/lv\/wp-json\/wp\/v2\/pages\/57"}],"wp:attachment":[{"href":"https:\/\/lrfa.org\/lv\/wp-json\/wp\/v2\/media?parent=748"}],"curies":[{"name":"wp","href":"https:\/\/api.w.org\/{rel}","templated":true}]}}